{"id":143,"date":"2026-04-04T20:35:08","date_gmt":"2026-04-04T20:35:08","guid":{"rendered":"https:\/\/aethera-noctua.fr\/?page_id=143"},"modified":"2026-04-04T20:35:08","modified_gmt":"2026-04-04T20:35:08","slug":"nos-rendez-vous","status":"publish","type":"page","link":"https:\/\/aethera-noctua.fr\/index.php\/nos-rendez-vous\/","title":{"rendered":"Nos Rendez-Vous"},"content":{"rendered":"\n<p><em>Retrouve ici tous nos rendez-vous \u00e0 venir : ateliers, randonn\u00e9es, march\u00e9s et \u00e9v\u00e9nements o\u00f9 nos chemins pourront se croiser. Autant d\u2019occasions de se rencontrer, d\u2019\u00e9changer et de partager autour des plantes, au fil des saisons et des envies.<\/em><\/p>\n","protected":false},"excerpt":{"rendered":"<p>Retrouve ici tous nos rendez-vous \u00e0 venir : ateliers, randonn\u00e9es, march\u00e9s et \u00e9v\u00e9nements o\u00f9 nos chemins pourront se croiser. Autant d\u2019occasions de se rencontrer, d\u2019\u00e9changer et de partager autour des plantes, au fil des saisons et des envies.<\/p>\n","protected":false},"author":1,"featured_media":0,"parent":0,"menu_order":0,"comment_status":"closed","ping_status":"closed","template":"","meta":{"footnotes":""},"class_list":["post-143","page","type-page","status-publish","hentry"],"jetpack_sharing_enabled":true,"_links":{"self":[{"href":"https:\/\/aethera-noctua.fr\/index.php\/wp-json\/wp\/v2\/pages\/143","targetHints":{"allow":["GET"]}}],"collection":[{"href":"https:\/\/aethera-noctua.fr\/index.php\/wp-json\/wp\/v2\/pages"}],"about":[{"href":"https:\/\/aethera-noctua.fr\/index.php\/wp-json\/wp\/v2\/types\/page"}],"author":[{"embeddable":true,"href":"https:\/\/aethera-noctua.fr\/index.php\/wp-json\/wp\/v2\/users\/1"}],"replies":[{"embeddable":true,"href":"https:\/\/aethera-noctua.fr\/index.php\/wp-json\/wp\/v2\/comments?post=143"}],"version-history":[{"count":1,"href":"https:\/\/aethera-noctua.fr\/index.php\/wp-json\/wp\/v2\/pages\/143\/revisions"}],"predecessor-version":[{"id":144,"href":"https:\/\/aethera-noctua.fr\/index.php\/wp-json\/wp\/v2\/pages\/143\/revisions\/144"}],"wp:attachment":[{"href":"https:\/\/aethera-noctua.fr\/index.php\/wp-json\/wp\/v2\/media?parent=143"}],"curies":[{"name":"wp","href":"https:\/\/api.w.org\/{rel}","templated":true}]}}