{"id":141,"date":"2026-04-04T20:32:47","date_gmt":"2026-04-04T20:32:47","guid":{"rendered":"https:\/\/aethera-noctua.fr\/?page_id=141"},"modified":"2026-04-04T20:32:47","modified_gmt":"2026-04-04T20:32:47","slug":"la-gardienne-du-mois","status":"publish","type":"page","link":"https:\/\/aethera-noctua.fr\/index.php\/la-gardienne-du-mois\/","title":{"rendered":"La Gardienne du mois"},"content":{"rendered":"\n<p><em>Chaque mois, d\u00e9couvre une plante mise \u00e0 l\u2019honneur \u00e0 travers ses bienfaits, ses usages et son histoire.<br>Dans cette rubrique, je te partage ses propri\u00e9t\u00e9s, ses secrets, ainsi que des conseils et rituels simples pour l\u2019int\u00e9grer dans ton quotidien. Une invitation \u00e0 rencontrer le v\u00e9g\u00e9tal autrement, au fil des saisons et des \u00e9nergies.<\/em><\/p>\n\n\n\n<hr class=\"wp-block-separator has-alpha-channel-opacity\"\/>\n","protected":false},"excerpt":{"rendered":"<p>Chaque mois, d\u00e9couvre une plante mise \u00e0 l\u2019honneur \u00e0 travers ses bienfaits, ses usages et son histoire.Dans cette rubrique, je te partage ses propri\u00e9t\u00e9s, ses secrets, ainsi que des conseils et rituels simples pour l\u2019int\u00e9grer dans ton quotidien. Une invitation \u00e0 rencontrer le v\u00e9g\u00e9tal autrement, au fil des saisons et des \u00e9nergies.<\/p>\n","protected":false},"author":1,"featured_media":0,"parent":0,"menu_order":0,"comment_status":"closed","ping_status":"closed","template":"","meta":{"footnotes":""},"class_list":["post-141","page","type-page","status-publish","hentry"],"jetpack_sharing_enabled":true,"_links":{"self":[{"href":"https:\/\/aethera-noctua.fr\/index.php\/wp-json\/wp\/v2\/pages\/141","targetHints":{"allow":["GET"]}}],"collection":[{"href":"https:\/\/aethera-noctua.fr\/index.php\/wp-json\/wp\/v2\/pages"}],"about":[{"href":"https:\/\/aethera-noctua.fr\/index.php\/wp-json\/wp\/v2\/types\/page"}],"author":[{"embeddable":true,"href":"https:\/\/aethera-noctua.fr\/index.php\/wp-json\/wp\/v2\/users\/1"}],"replies":[{"embeddable":true,"href":"https:\/\/aethera-noctua.fr\/index.php\/wp-json\/wp\/v2\/comments?post=141"}],"version-history":[{"count":1,"href":"https:\/\/aethera-noctua.fr\/index.php\/wp-json\/wp\/v2\/pages\/141\/revisions"}],"predecessor-version":[{"id":142,"href":"https:\/\/aethera-noctua.fr\/index.php\/wp-json\/wp\/v2\/pages\/141\/revisions\/142"}],"wp:attachment":[{"href":"https:\/\/aethera-noctua.fr\/index.php\/wp-json\/wp\/v2\/media?parent=141"}],"curies":[{"name":"wp","href":"https:\/\/api.w.org\/{rel}","templated":true}]}}