{"id":120,"date":"2026-04-04T15:55:53","date_gmt":"2026-04-04T15:55:53","guid":{"rendered":"https:\/\/aethera-noctua.fr\/?page_id=120"},"modified":"2026-04-04T15:55:53","modified_gmt":"2026-04-04T15:55:53","slug":"parole-des-simples","status":"publish","type":"page","link":"https:\/\/aethera-noctua.fr\/index.php\/parole-des-simples\/","title":{"rendered":"Parole des Simples"},"content":{"rendered":"\n<p>D\u00e9couvrez les plantes m\u00e9dicinales et leurs secrets mill\u00e9naires, h\u00e9ritages d\u2019un savoir transmis \u00e0 travers les \u00e2ges et les saisons. Apprenez \u00e0 reconna\u00eetre leurs vertus, \u00e0 ressentir leurs \u00e9nergies subtiles et \u00e0 \u00e9couter ce qu\u2019elles ont \u00e0 vous transmettre, comme des messag\u00e8res silencieuses de la nature. Chaque atelier est une invitation \u00e0 plonger dans l\u2019univers v\u00e9g\u00e9tal : histoires ancestrales, l\u00e9gendes, rituels et usages pratiques se m\u00ealent pour \u00e9veiller vos sens et nourrir votre curiosit\u00e9.<\/p>\n\n\n\n<p>Vous explorerez la richesse de chaque plante, ses parfums, ses couleurs et ses textures, tout en d\u00e9couvrant comment elles peuvent accompagner votre quotidien et votre bien-\u00eatre. C\u2019est un voyage o\u00f9 la science, la magie et la po\u00e9sie se rejoignent, un moment suspendu o\u00f9 l\u2019on prend le temps de contempler, de questionner et de comprendre. Repartez avec un savoir pr\u00e9cieux, des anecdotes et une sensibilit\u00e9 renouvel\u00e9e \u00e0 la vie v\u00e9g\u00e9tale qui vous entoure, comme si chaque plante devenait une compagne discr\u00e8te, bienveillante et inspirante dans votre quotidien.<\/p>\n","protected":false},"excerpt":{"rendered":"<p>D\u00e9couvrez les plantes m\u00e9dicinales et leurs secrets mill\u00e9naires, h\u00e9ritages d\u2019un savoir transmis \u00e0 travers les \u00e2ges et les saisons. Apprenez \u00e0 reconna\u00eetre leurs vertus, \u00e0 ressentir leurs \u00e9nergies subtiles et \u00e0 \u00e9couter ce qu\u2019elles ont \u00e0 vous transmettre, comme des messag\u00e8res silencieuses de la nature. Chaque atelier est une invitation \u00e0 plonger dans l\u2019univers v\u00e9g\u00e9tal [&hellip;]<\/p>\n","protected":false},"author":1,"featured_media":0,"parent":0,"menu_order":0,"comment_status":"closed","ping_status":"closed","template":"","meta":{"footnotes":""},"class_list":["post-120","page","type-page","status-publish","hentry"],"jetpack_sharing_enabled":true,"_links":{"self":[{"href":"https:\/\/aethera-noctua.fr\/index.php\/wp-json\/wp\/v2\/pages\/120","targetHints":{"allow":["GET"]}}],"collection":[{"href":"https:\/\/aethera-noctua.fr\/index.php\/wp-json\/wp\/v2\/pages"}],"about":[{"href":"https:\/\/aethera-noctua.fr\/index.php\/wp-json\/wp\/v2\/types\/page"}],"author":[{"embeddable":true,"href":"https:\/\/aethera-noctua.fr\/index.php\/wp-json\/wp\/v2\/users\/1"}],"replies":[{"embeddable":true,"href":"https:\/\/aethera-noctua.fr\/index.php\/wp-json\/wp\/v2\/comments?post=120"}],"version-history":[{"count":2,"href":"https:\/\/aethera-noctua.fr\/index.php\/wp-json\/wp\/v2\/pages\/120\/revisions"}],"predecessor-version":[{"id":122,"href":"https:\/\/aethera-noctua.fr\/index.php\/wp-json\/wp\/v2\/pages\/120\/revisions\/122"}],"wp:attachment":[{"href":"https:\/\/aethera-noctua.fr\/index.php\/wp-json\/wp\/v2\/media?parent=120"}],"curies":[{"name":"wp","href":"https:\/\/api.w.org\/{rel}","templated":true}]}}