{"id":107,"date":"2026-04-04T15:39:58","date_gmt":"2026-04-04T15:39:58","guid":{"rendered":"https:\/\/aethera-noctua.fr\/?page_id=107"},"modified":"2026-04-04T15:39:58","modified_gmt":"2026-04-04T15:39:58","slug":"brume-des-recoltes","status":"publish","type":"page","link":"https:\/\/aethera-noctua.fr\/index.php\/brume-des-recoltes\/","title":{"rendered":"Brume des R\u00e9coltes"},"content":{"rendered":"\n<p class=\"has-text-align-left\">\u00c0 mesure que la montagne se pare de teintes dor\u00e9es et cuivr\u00e9es, la nature ralentit et invite \u00e0 l\u2019introspection. La randonn\u00e9e <em>Brume des R\u00e9coltes<\/em> est une immersion douce dans cette saison de transition, o\u00f9 chaque pas devient plus calme, plus conscient.<\/p>\n\n\n\n<p class=\"has-text-align-left\">Au fil du chemin, nous prendrons le temps d\u2019observer les feuilles qui changent, les fruits sauvages, les herbes qui s\u00e8chent et les derni\u00e8res fleurs courageuses. Nous apprendrons \u00e0 reconna\u00eetre ces tr\u00e9sors discrets, \u00e0 comprendre leurs usages et \u00e0 ressentir l\u2019\u00e9nergie plus pos\u00e9e de l\u2019<strong>Automne.<\/strong><\/p>\n\n\n\n<p class=\"has-text-align-left\">Entre silence, parfums de terre humide et souffle du vent, cette balade est une invitation \u00e0 rel\u00e2cher ce qui n\u2019a plus lieu d\u2019\u00eatre, comme la nature qui se pr\u00e9pare au repos. Un moment suspendu, entre contemplation et transmission, pour se reconnecter \u00e0 l\u2019essentiel et repartir apais\u00e9e, ancr\u00e9e\u2026 et un peu transform\u00e9e.<\/p>\n\n\n\n<p class=\"has-text-align-center\"><em>Dur\u00e9e : entre deux \u00e0 trois heures.<\/em> <em>Groupe de dix personnes maximum.<\/em><\/p>\n","protected":false},"excerpt":{"rendered":"<p>\u00c0 mesure que la montagne se pare de teintes dor\u00e9es et cuivr\u00e9es, la nature ralentit et invite \u00e0 l\u2019introspection. La randonn\u00e9e Brume des R\u00e9coltes est une immersion douce dans cette saison de transition, o\u00f9 chaque pas devient plus calme, plus conscient. Au fil du chemin, nous prendrons le temps d\u2019observer les feuilles qui changent, les [&hellip;]<\/p>\n","protected":false},"author":1,"featured_media":0,"parent":0,"menu_order":0,"comment_status":"closed","ping_status":"closed","template":"","meta":{"footnotes":""},"class_list":["post-107","page","type-page","status-publish","hentry"],"jetpack_sharing_enabled":true,"_links":{"self":[{"href":"https:\/\/aethera-noctua.fr\/index.php\/wp-json\/wp\/v2\/pages\/107","targetHints":{"allow":["GET"]}}],"collection":[{"href":"https:\/\/aethera-noctua.fr\/index.php\/wp-json\/wp\/v2\/pages"}],"about":[{"href":"https:\/\/aethera-noctua.fr\/index.php\/wp-json\/wp\/v2\/types\/page"}],"author":[{"embeddable":true,"href":"https:\/\/aethera-noctua.fr\/index.php\/wp-json\/wp\/v2\/users\/1"}],"replies":[{"embeddable":true,"href":"https:\/\/aethera-noctua.fr\/index.php\/wp-json\/wp\/v2\/comments?post=107"}],"version-history":[{"count":1,"href":"https:\/\/aethera-noctua.fr\/index.php\/wp-json\/wp\/v2\/pages\/107\/revisions"}],"predecessor-version":[{"id":109,"href":"https:\/\/aethera-noctua.fr\/index.php\/wp-json\/wp\/v2\/pages\/107\/revisions\/109"}],"wp:attachment":[{"href":"https:\/\/aethera-noctua.fr\/index.php\/wp-json\/wp\/v2\/media?parent=107"}],"curies":[{"name":"wp","href":"https:\/\/api.w.org\/{rel}","templated":true}]}}