{"id":101,"date":"2026-04-04T16:01:26","date_gmt":"2026-04-04T16:01:26","guid":{"rendered":"https:\/\/aethera-noctua.fr\/?page_id=101"},"modified":"2026-04-04T16:01:26","modified_gmt":"2026-04-04T16:01:26","slug":"carnet-dherboriste","status":"publish","type":"page","link":"https:\/\/aethera-noctua.fr\/index.php\/carnet-dherboriste\/","title":{"rendered":"Carnet d&#8217;Herboriste"},"content":{"rendered":"\n<p>Bienvenue dans mon <em>Carnet d\u2019Herboriste<\/em> ! Ici, je partagerai toutes les actualit\u00e9s li\u00e9es \u00e0 mon activit\u00e9 : les dates des ateliers et des randonn\u00e9es, les \u00e9v\u00e9nements o\u00f9 tu pourras me retrouver\u2026 mais aussi plein de petites surprises autour des plantes et des rituels pour accompagner ton quotidien.<\/p>\n","protected":false},"excerpt":{"rendered":"<p>Bienvenue dans mon Carnet d\u2019Herboriste ! Ici, je partagerai toutes les actualit\u00e9s li\u00e9es \u00e0 mon activit\u00e9 : les dates des ateliers et des randonn\u00e9es, les \u00e9v\u00e9nements o\u00f9 tu pourras me retrouver\u2026 mais aussi plein de petites surprises autour des plantes et des rituels pour accompagner ton quotidien.<\/p>\n","protected":false},"author":1,"featured_media":0,"parent":0,"menu_order":0,"comment_status":"closed","ping_status":"closed","template":"","meta":{"footnotes":""},"class_list":["post-101","page","type-page","status-publish","hentry"],"jetpack_sharing_enabled":true,"_links":{"self":[{"href":"https:\/\/aethera-noctua.fr\/index.php\/wp-json\/wp\/v2\/pages\/101","targetHints":{"allow":["GET"]}}],"collection":[{"href":"https:\/\/aethera-noctua.fr\/index.php\/wp-json\/wp\/v2\/pages"}],"about":[{"href":"https:\/\/aethera-noctua.fr\/index.php\/wp-json\/wp\/v2\/types\/page"}],"author":[{"embeddable":true,"href":"https:\/\/aethera-noctua.fr\/index.php\/wp-json\/wp\/v2\/users\/1"}],"replies":[{"embeddable":true,"href":"https:\/\/aethera-noctua.fr\/index.php\/wp-json\/wp\/v2\/comments?post=101"}],"version-history":[{"count":2,"href":"https:\/\/aethera-noctua.fr\/index.php\/wp-json\/wp\/v2\/pages\/101\/revisions"}],"predecessor-version":[{"id":126,"href":"https:\/\/aethera-noctua.fr\/index.php\/wp-json\/wp\/v2\/pages\/101\/revisions\/126"}],"wp:attachment":[{"href":"https:\/\/aethera-noctua.fr\/index.php\/wp-json\/wp\/v2\/media?parent=101"}],"curies":[{"name":"wp","href":"https:\/\/api.w.org\/{rel}","templated":true}]}}